{"id":234,"date":"2023-11-18T13:39:34","date_gmt":"2023-11-18T13:39:34","guid":{"rendered":"https:\/\/dev-teachforniger.pantheonsite.io\/?page_id=234"},"modified":"2023-12-19T14:50:26","modified_gmt":"2023-12-19T14:50:26","slug":"faq-sur-la-bourse","status":"publish","type":"page","link":"https:\/\/teachforniger.org\/?page_id=234","title":{"rendered":"FAQ sur la bourse"},"content":{"rendered":"\t\t<div data-elementor-type=\"wp-page\" data-elementor-id=\"234\" class=\"elementor elementor-234\">\n\t\t\t\t\t\t<section data-particle_enable=\"false\" data-particle-mobile-disabled=\"false\" class=\"elementor-section elementor-top-section elementor-element elementor-element-230f47f elementor-section-boxed elementor-section-height-default elementor-section-height-default\" data-id=\"230f47f\" data-element_type=\"section\" data-settings=\"{&quot;ekit_has_onepagescroll_dot&quot;:&quot;yes&quot;}\">\n\t\t\t\t\t\t<div class=\"elementor-container elementor-column-gap-default\">\n\t\t\t\t\t<div class=\"elementor-column elementor-col-100 elementor-top-column elementor-element elementor-element-47d2f7a\" data-id=\"47d2f7a\" data-element_type=\"column\">\n\t\t\t<div class=\"elementor-widget-wrap elementor-element-populated\">\n\t\t\t\t\t\t<div class=\"elementor-element elementor-element-3a5bfc8 elementor-widget elementor-widget-heading\" data-id=\"3a5bfc8\" data-element_type=\"widget\" data-settings=\"{&quot;ekit_we_effect_on&quot;:&quot;none&quot;}\" data-widget_type=\"heading.default\">\n\t\t\t\t<div class=\"elementor-widget-container\">\n\t\t\t\t\t<h2 class=\"elementor-heading-title elementor-size-default\">FAQ General sur la bourse<\/h2>\t\t\t\t<\/div>\n\t\t\t\t<\/div>\n\t\t\t\t<div class=\"elementor-element elementor-element-a58f9d0 elementor-widget elementor-widget-elementskit-accordion\" data-id=\"a58f9d0\" data-element_type=\"widget\" data-settings=\"{&quot;ekit_we_effect_on&quot;:&quot;none&quot;}\" data-widget_type=\"elementskit-accordion.default\">\n\t\t\t\t<div class=\"elementor-widget-container\">\n\t\t\t\t\t<div class=\"ekit-wid-con\" >\n        <div class=\"elementskit-accordion accoedion-primary\" id=\"accordion-69d6ccbedb668\">\n\n            \n                <div class=\"elementskit-card active\">\n                    <div class=\"elementskit-card-header\" id=\"primaryHeading-0-a58f9d0\">\n                        <a href=\"#collapse-3d74fab69d6ccbedb668\" class=\"ekit-accordion--toggler elementskit-btn-link collapsed\" data-ekit-toggle=\"collapse\" data-target=\"#Collapse-3d74fab69d6ccbedb668\" aria-expanded=\"true\" aria-controls=\"Collapse-3d74fab69d6ccbedb668\">\n                            \n                            <span class=\"ekit-accordion-title\">Qu&#039;est-ce que Teach for Niger ?<\/span>\n\n                            \n                                <div class=\"ekit_accordion_icon_group\">\n                                    <div class=\"ekit_accordion_normal_icon\">\n                                        <!-- Normal Icon -->\n\t\t\t\t\t\t\t\t\t\t<i class=\"icon icon-down-arrow1\"><\/i>                                    <\/div>\n\n                                    <div class=\"ekit_accordion_active_icon\">\n                                        <!-- Active Icon -->\n\t\t\t\t\t\t\t\t\t\t<i class=\"icon icon-up-arrow\"><\/i>                                    <\/div>\n                                <\/div>\n\n                            \n                                                    <\/a>\n                    <\/div>\n\n                    <div id=\"Collapse-3d74fab69d6ccbedb668\" class=\" show collapse\" aria-labelledby=\"primaryHeading-0-a58f9d0\" data-parent=\"#accordion-69d6ccbedb668\">\n\n                        <div class=\"elementskit-card-body ekit-accordion--content\">\n                            <p>Teach for Niger est une organisation \u00e0 but non lucratif qui vise \u00e0 am\u00e9liorer l'\u00e9ducation en recrutant et en formant des dipl\u00f4m\u00e9s passionn\u00e9s pour les communaut\u00e9s d\u00e9favoris\u00e9es. Notre objectif est d'apporter un changement durable dans le syst\u00e8me \u00e9ducatif du Niger.<\/p>                        <\/div>\n\n                    <\/div>\n\n                <\/div><!-- .elementskit-card END -->\n\n                \n                <div class=\"elementskit-card active\">\n                    <div class=\"elementskit-card-header\" id=\"primaryHeading-1-a58f9d0\">\n                        <a href=\"#collapse-ccf1d1969d6ccbedb668\" class=\"ekit-accordion--toggler elementskit-btn-link collapsed\" data-ekit-toggle=\"collapse\" data-target=\"#Collapse-ccf1d1969d6ccbedb668\" aria-expanded=\"true\" aria-controls=\"Collapse-ccf1d1969d6ccbedb668\">\n                            \n                            <span class=\"ekit-accordion-title\">Comment puis-je devenir un enseignant de Teach for Niger ?<\/span>\n\n                            \n                                <div class=\"ekit_accordion_icon_group\">\n                                    <div class=\"ekit_accordion_normal_icon\">\n                                        <!-- Normal Icon -->\n\t\t\t\t\t\t\t\t\t\t<i class=\"icon icon-down-arrow1\"><\/i>                                    <\/div>\n\n                                    <div class=\"ekit_accordion_active_icon\">\n                                        <!-- Active Icon -->\n\t\t\t\t\t\t\t\t\t\t<i class=\"icon icon-up-arrow\"><\/i>                                    <\/div>\n                                <\/div>\n\n                            \n                                                    <\/a>\n                    <\/div>\n\n                    <div id=\"Collapse-ccf1d1969d6ccbedb668\" class=\" show collapse\" aria-labelledby=\"primaryHeading-1-a58f9d0\" data-parent=\"#accordion-69d6ccbedb668\">\n\n                        <div class=\"elementskit-card-body ekit-accordion--content\">\n                            <p>Pour devenir enseignant Leader, vous pouvez postuler via notre site web officiel. Nous recherchons des Leaders engag\u00e9s et motiv\u00e9s qui souhaitent faire une diff\u00e9rence dans les \u00e9coles sous-desservies au Niger.<\/p>                        <\/div>\n\n                    <\/div>\n\n                <\/div><!-- .elementskit-card END -->\n\n                \n                <div class=\"elementskit-card active\">\n                    <div class=\"elementskit-card-header\" id=\"primaryHeading-2-a58f9d0\">\n                        <a href=\"#collapse-516bdc169d6ccbedb668\" class=\"ekit-accordion--toggler elementskit-btn-link collapsed\" data-ekit-toggle=\"collapse\" data-target=\"#Collapse-516bdc169d6ccbedb668\" aria-expanded=\"true\" aria-controls=\"Collapse-516bdc169d6ccbedb668\">\n                            \n                            <span class=\"ekit-accordion-title\">Quels sont les crit\u00e8res de s\u00e9lection pour les enseignants ?<\/span>\n\n                            \n                                <div class=\"ekit_accordion_icon_group\">\n                                    <div class=\"ekit_accordion_normal_icon\">\n                                        <!-- Normal Icon -->\n\t\t\t\t\t\t\t\t\t\t<i class=\"icon icon-down-arrow1\"><\/i>                                    <\/div>\n\n                                    <div class=\"ekit_accordion_active_icon\">\n                                        <!-- Active Icon -->\n\t\t\t\t\t\t\t\t\t\t<i class=\"icon icon-up-arrow\"><\/i>                                    <\/div>\n                                <\/div>\n\n                            \n                                                    <\/a>\n                    <\/div>\n\n                    <div id=\"Collapse-516bdc169d6ccbedb668\" class=\" show collapse\" aria-labelledby=\"primaryHeading-2-a58f9d0\" data-parent=\"#accordion-69d6ccbedb668\">\n\n                        <div class=\"elementskit-card-body ekit-accordion--content\">\n                            <p>Nous cherchons des candidats dot\u00e9s d'une passion pour l'\u00e9ducation, d'une capacit\u00e9 \u00e0 s'adapter \u00e0 des environnements vari\u00e9s et \u00e0 travailler dans des communaut\u00e9s sous-desservies. D'autres crit\u00e8res incluent les dipl\u00f4mes universitaires et une forte motivation \u00e0 faire progresser l'\u00e9ducation.<\/p>                        <\/div>\n\n                    <\/div>\n\n                <\/div><!-- .elementskit-card END -->\n\n                \n                <div class=\"elementskit-card active\">\n                    <div class=\"elementskit-card-header\" id=\"primaryHeading-3-a58f9d0\">\n                        <a href=\"#collapse-b8d76c469d6ccbedb668\" class=\"ekit-accordion--toggler elementskit-btn-link collapsed\" data-ekit-toggle=\"collapse\" data-target=\"#Collapse-b8d76c469d6ccbedb668\" aria-expanded=\"true\" aria-controls=\"Collapse-b8d76c469d6ccbedb668\">\n                            \n                            <span class=\"ekit-accordion-title\">Comment puis-je soutenir Teach for Niger si je ne suis pas enseignant ?<\/span>\n\n                            \n                                <div class=\"ekit_accordion_icon_group\">\n                                    <div class=\"ekit_accordion_normal_icon\">\n                                        <!-- Normal Icon -->\n\t\t\t\t\t\t\t\t\t\t<i class=\"icon icon-down-arrow1\"><\/i>                                    <\/div>\n\n                                    <div class=\"ekit_accordion_active_icon\">\n                                        <!-- Active Icon -->\n\t\t\t\t\t\t\t\t\t\t<i class=\"icon icon-up-arrow\"><\/i>                                    <\/div>\n                                <\/div>\n\n                            \n                                                    <\/a>\n                    <\/div>\n\n                    <div id=\"Collapse-b8d76c469d6ccbedb668\" class=\" show collapse\" aria-labelledby=\"primaryHeading-3-a58f9d0\" data-parent=\"#accordion-69d6ccbedb668\">\n\n                        <div class=\"elementskit-card-body ekit-accordion--content\">\n                            <p>Il existe de nombreuses fa\u00e7ons de soutenir notre mission, que ce soit en faisant un don, en devenant un mentor pour nos enseignants leaders, en partageant nos initiatives sur les r\u00e9seaux sociaux ou en contribuant \u00e0 la sensibilisation \u00e0 notre cause.<\/p>                        <\/div>\n\n                    <\/div>\n\n                <\/div><!-- .elementskit-card END -->\n\n                \n                <div class=\"elementskit-card active\">\n                    <div class=\"elementskit-card-header\" id=\"primaryHeading-4-a58f9d0\">\n                        <a href=\"#collapse-df1ef2669d6ccbedb668\" class=\"ekit-accordion--toggler elementskit-btn-link collapsed\" data-ekit-toggle=\"collapse\" data-target=\"#Collapse-df1ef2669d6ccbedb668\" aria-expanded=\"true\" aria-controls=\"Collapse-df1ef2669d6ccbedb668\">\n                            \n                            <span class=\"ekit-accordion-title\">Quels sont les projets actuels de Teach for Niger ?<\/span>\n\n                            \n                                <div class=\"ekit_accordion_icon_group\">\n                                    <div class=\"ekit_accordion_normal_icon\">\n                                        <!-- Normal Icon -->\n\t\t\t\t\t\t\t\t\t\t<i class=\"icon icon-down-arrow1\"><\/i>                                    <\/div>\n\n                                    <div class=\"ekit_accordion_active_icon\">\n                                        <!-- Active Icon -->\n\t\t\t\t\t\t\t\t\t\t<i class=\"icon icon-up-arrow\"><\/i>                                    <\/div>\n                                <\/div>\n\n                            \n                                                    <\/a>\n                    <\/div>\n\n                    <div id=\"Collapse-df1ef2669d6ccbedb668\" class=\" show collapse\" aria-labelledby=\"primaryHeading-4-a58f9d0\" data-parent=\"#accordion-69d6ccbedb668\">\n\n                        <div class=\"elementskit-card-body ekit-accordion--content\">\n                            <p>Nous travaillons actuellement sur plusieurs projets visant \u00e0 am\u00e9liorer la qualit\u00e9 de l'enseignement dans les r\u00e9gions d\u00e9favoris\u00e9es du Niger. Cela inclut des programmes de formation des enseignants, des initiatives de renforcement des infrastructures scolaires et des partenariats avec les communaut\u00e9s locales pour promouvoir l'\u00e9ducation.<\/p>                        <\/div>\n\n                    <\/div>\n\n                <\/div><!-- .elementskit-card END -->\n\n                                        <\/div>\n    <\/div>\t\t\t\t<\/div>\n\t\t\t\t<\/div>\n\t\t\t\t\t<\/div>\n\t\t<\/div>\n\t\t\t\t\t<\/div>\n\t\t<\/section>\n\t\t\t\t<\/div>\n\t\t","protected":false},"excerpt":{"rendered":"<p>FAQ General sur la bourse Qu&#039;est-ce que Teach for Niger ? Teach for Niger est une organisation \u00e0 but non lucratif qui vise \u00e0 am\u00e9liorer l&#8217;\u00e9ducation en recrutant et en formant des dipl\u00f4m\u00e9s passionn\u00e9s pour les communaut\u00e9s d\u00e9favoris\u00e9es. Notre objectif est d&#8217;apporter un changement durable dans le syst\u00e8me \u00e9ducatif du Niger. Comment puis-je devenir un enseignant de Teach for Niger [&hellip;]<\/p>\n","protected":false},"author":1,"featured_media":0,"parent":0,"menu_order":0,"comment_status":"closed","ping_status":"closed","template":"elementor_header_footer","meta":{"footnotes":""},"rttpg_featured_image_url":null,"rttpg_author":{"display_name":"Gambo","author_link":"https:\/\/teachforniger.org\/?author=1"},"rttpg_comment":0,"rttpg_category":null,"rttpg_excerpt":"FAQ General sur la bourse Qu&#039;est-ce que Teach for Niger ? Teach for Niger est une organisation \u00e0 but non lucratif qui vise \u00e0 am\u00e9liorer l&#8217;\u00e9ducation en recrutant et en formant des dipl\u00f4m\u00e9s passionn\u00e9s pour les communaut\u00e9s d\u00e9favoris\u00e9es. Notre objectif est d&#8217;apporter un changement durable dans le syst\u00e8me \u00e9ducatif du Niger. Comment puis-je devenir un&hellip;","_links":{"self":[{"href":"https:\/\/teachforniger.org\/index.php?rest_route=\/wp\/v2\/pages\/234"}],"collection":[{"href":"https:\/\/teachforniger.org\/index.php?rest_route=\/wp\/v2\/pages"}],"about":[{"href":"https:\/\/teachforniger.org\/index.php?rest_route=\/wp\/v2\/types\/page"}],"author":[{"embeddable":true,"href":"https:\/\/teachforniger.org\/index.php?rest_route=\/wp\/v2\/users\/1"}],"replies":[{"embeddable":true,"href":"https:\/\/teachforniger.org\/index.php?rest_route=%2Fwp%2Fv2%2Fcomments&post=234"}],"version-history":[{"count":4,"href":"https:\/\/teachforniger.org\/index.php?rest_route=\/wp\/v2\/pages\/234\/revisions"}],"predecessor-version":[{"id":761,"href":"https:\/\/teachforniger.org\/index.php?rest_route=\/wp\/v2\/pages\/234\/revisions\/761"}],"wp:attachment":[{"href":"https:\/\/teachforniger.org\/index.php?rest_route=%2Fwp%2Fv2%2Fmedia&parent=234"}],"curies":[{"name":"wp","href":"https:\/\/api.w.org\/{rel}","templated":true}]}}