{"id":1089,"date":"2024-07-07T17:26:52","date_gmt":"2024-07-07T17:26:52","guid":{"rendered":"https:\/\/teachforniger.org\/?page_id=1089"},"modified":"2025-08-05T01:12:40","modified_gmt":"2025-08-05T01:12:40","slug":"postuler-maintenant","status":"publish","type":"page","link":"https:\/\/teachforniger.org\/?page_id=1089","title":{"rendered":"Postuler maintenant"},"content":{"rendered":"\t\t<div data-elementor-type=\"wp-page\" data-elementor-id=\"1089\" class=\"elementor elementor-1089\">\n\t\t\t\t\t\t<section data-particle_enable=\"false\" data-particle-mobile-disabled=\"false\" class=\"elementor-section elementor-top-section elementor-element elementor-element-0ca2ab5 elementor-section-boxed elementor-section-height-default elementor-section-height-default\" data-id=\"0ca2ab5\" data-element_type=\"section\" data-settings=\"{&quot;ekit_has_onepagescroll_dot&quot;:&quot;yes&quot;}\">\n\t\t\t\t\t\t<div class=\"elementor-container elementor-column-gap-default\">\n\t\t\t\t\t<div class=\"elementor-column elementor-col-100 elementor-top-column elementor-element elementor-element-13d2c0f\" data-id=\"13d2c0f\" data-element_type=\"column\">\n\t\t\t<div class=\"elementor-widget-wrap elementor-element-populated\">\n\t\t\t\t\t\t<div class=\"elementor-element elementor-element-661f750 elementor-widget elementor-widget-heading\" data-id=\"661f750\" data-element_type=\"widget\" data-settings=\"{&quot;ekit_we_effect_on&quot;:&quot;none&quot;}\" data-widget_type=\"heading.default\">\n\t\t\t\t<div class=\"elementor-widget-container\">\n\t\t\t\t\t<h2 class=\"elementor-heading-title elementor-size-default\">Fiche d\u2019inscription RSM <\/h2>\t\t\t\t<\/div>\n\t\t\t\t<\/div>\n\t\t\t\t<div class=\"elementor-element elementor-element-4fcdb80 elementor-widget__width-initial elementor-widget elementor-widget-text-editor\" data-id=\"4fcdb80\" data-element_type=\"widget\" data-settings=\"{&quot;ekit_we_effect_on&quot;:&quot;none&quot;}\" data-widget_type=\"text-editor.default\">\n\t\t\t\t<div class=\"elementor-widget-container\">\n\t\t\t\t\t\t\t\t\t<h1 style=\"text-align: center;\" data-start=\"181\" data-end=\"237\">Cl\u00f4ture<strong data-start=\"184\" data-end=\"237\"> des candidatures \u2013 Bourse Teach For Niger<\/strong><\/h1><p data-start=\"239\" data-end=\"378\"><span>Nous portons \u00e0 la connaissance du public que les candidatures pour le programme de <strong>Teach For<\/strong><\/span><strong data-start=\"329\" data-end=\"348\">\u00a0Niger<\/strong> sont <strong data-start=\"354\" data-end=\"377\">d\u00e9sormais cl\u00f4tur\u00e9es<\/strong>.<\/p><p data-start=\"380\" data-end=\"550\">Nous remercions chaleureusement toutes les personnes qui ont soumis leur dossier et exprim\u00e9 leur volont\u00e9 de s\u2019engager pour une \u00e9ducation \u00e9quitable et de qualit\u00e9 au Niger.<\/p><p data-start=\"552\" data-end=\"831\">\u00c0 celles et ceux qui, pour diverses raisons, n\u2019ont pas pu postuler cette ann\u00e9e, nous les encourageons \u00e0 rester connect\u00e9s \u00e0 nos canaux officiels. La prochaine session de recrutement sera annonc\u00e9e en temps opportun, et nous serons ravis de recevoir leur candidature \u00e0 ce moment-l\u00e0.<\/p><p data-start=\"833\" data-end=\"949\">Les prochaines \u00e9tapes du processus de s\u00e9lection seront communiqu\u00e9es directement aux candidat(e)s pr\u00e9s\u00e9lectionn\u00e9(e)s.<\/p><p>\u00a0<\/p><p style=\"text-align: center;\" data-start=\"1050\" data-end=\"1078\"><strong data-start=\"1050\" data-end=\"1078\">L\u2019\u00e9quipe Teach For Niger<\/strong><\/p>\t\t\t\t\t\t\t\t<\/div>\n\t\t\t\t<\/div>\n\t\t\t\t\t<\/div>\n\t\t<\/div>\n\t\t\t\t\t<\/div>\n\t\t<\/section>\n\t\t\t\t<\/div>\n\t\t","protected":false},"excerpt":{"rendered":"<p>Fiche d\u2019inscription RSM Cl\u00f4ture des candidatures \u2013 Bourse Teach For Niger Nous portons \u00e0 la connaissance du public que les candidatures pour le programme de Teach For\u00a0Niger sont d\u00e9sormais cl\u00f4tur\u00e9es. Nous remercions chaleureusement toutes les personnes qui ont soumis leur dossier et exprim\u00e9 leur volont\u00e9 de s\u2019engager pour une \u00e9ducation \u00e9quitable et de qualit\u00e9 au Niger. \u00c0 celles et ceux [&hellip;]<\/p>\n","protected":false},"author":1,"featured_media":0,"parent":0,"menu_order":0,"comment_status":"closed","ping_status":"closed","template":"","meta":{"footnotes":""},"rttpg_featured_image_url":null,"rttpg_author":{"display_name":"Gambo","author_link":"https:\/\/teachforniger.org\/?author=1"},"rttpg_comment":0,"rttpg_category":null,"rttpg_excerpt":"Fiche d\u2019inscription RSM Cl\u00f4ture des candidatures \u2013 Bourse Teach For Niger Nous portons \u00e0 la connaissance du public que les candidatures pour le programme de Teach For\u00a0Niger sont d\u00e9sormais cl\u00f4tur\u00e9es. Nous remercions chaleureusement toutes les personnes qui ont soumis leur dossier et exprim\u00e9 leur volont\u00e9 de s\u2019engager pour une \u00e9ducation \u00e9quitable et de qualit\u00e9 au&hellip;","_links":{"self":[{"href":"https:\/\/teachforniger.org\/index.php?rest_route=\/wp\/v2\/pages\/1089"}],"collection":[{"href":"https:\/\/teachforniger.org\/index.php?rest_route=\/wp\/v2\/pages"}],"about":[{"href":"https:\/\/teachforniger.org\/index.php?rest_route=\/wp\/v2\/types\/page"}],"author":[{"embeddable":true,"href":"https:\/\/teachforniger.org\/index.php?rest_route=\/wp\/v2\/users\/1"}],"replies":[{"embeddable":true,"href":"https:\/\/teachforniger.org\/index.php?rest_route=%2Fwp%2Fv2%2Fcomments&post=1089"}],"version-history":[{"count":58,"href":"https:\/\/teachforniger.org\/index.php?rest_route=\/wp\/v2\/pages\/1089\/revisions"}],"predecessor-version":[{"id":1365,"href":"https:\/\/teachforniger.org\/index.php?rest_route=\/wp\/v2\/pages\/1089\/revisions\/1365"}],"wp:attachment":[{"href":"https:\/\/teachforniger.org\/index.php?rest_route=%2Fwp%2Fv2%2Fmedia&parent=1089"}],"curies":[{"name":"wp","href":"https:\/\/api.w.org\/{rel}","templated":true}]}}